{"id":261,"date":"2024-12-11T13:30:43","date_gmt":"2024-12-11T13:30:43","guid":{"rendered":"https:\/\/dennisnaesby.dk\/?page_id=261"},"modified":"2024-12-11T13:59:23","modified_gmt":"2024-12-11T13:59:23","slug":"fysioterapi-og-kropsterapi","status":"publish","type":"page","link":"https:\/\/dennisnaesby.dk\/?page_id=261","title":{"rendered":"Fysioterapi og kropsterapi"},"content":{"rendered":"\n<p class=\"has-text-align-center has-accent-4-color has-text-color has-link-color has-x-large-font-size wp-elements-60280a8dbe8b7b77844b53335405a54e\">Helhedsorienteret fysioterapi <br>og kropsterapi<\/p>\n\n\n\n<figure class=\"wp-block-image size-large\"><img loading=\"lazy\" decoding=\"async\" width=\"1024\" height=\"576\" src=\"https:\/\/dennisnaesby.dk\/wp-content\/uploads\/2024\/12\/VideoSnapshot_20241206_125100-1024x576.jpg\" alt=\"\" class=\"wp-image-263\" srcset=\"https:\/\/dennisnaesby.dk\/wp-content\/uploads\/2024\/12\/VideoSnapshot_20241206_125100-1024x576.jpg 1024w, https:\/\/dennisnaesby.dk\/wp-content\/uploads\/2024\/12\/VideoSnapshot_20241206_125100-300x169.jpg 300w, https:\/\/dennisnaesby.dk\/wp-content\/uploads\/2024\/12\/VideoSnapshot_20241206_125100-768x432.jpg 768w, https:\/\/dennisnaesby.dk\/wp-content\/uploads\/2024\/12\/VideoSnapshot_20241206_125100-1536x864.jpg 1536w, https:\/\/dennisnaesby.dk\/wp-content\/uploads\/2024\/12\/VideoSnapshot_20241206_125100.jpg 1920w\" sizes=\"auto, (max-width: 1024px) 100vw, 1024px\" \/><\/figure>\n\n\n\n<p class=\"has-small-font-size\">Jeg kan benytte mig af b\u00e5de fysioterapeutiske og kropsterapeutiske principper og redskaber i vores f\u00e6lles rum, i fald vi finder det rigtigt at inddrage.<\/p>\n\n\n\n<p class=\"has-small-font-size\">Sprogligt betyder fysioterapi og kropsterapi jo egentlig det samme. Men der har udviklet sig klare forskelle i tilgangen til kroppen og mennesket, de to retninger imellem.<\/p>\n\n\n\n<p class=\"has-small-font-size\">Det er stadig de kropslige og naturvidenskabelige facetter, der er de tydeligste, n\u00e5r fysioterapi generelt formidles og praktiseres.<\/p>\n\n\n\n<p class=\"has-small-font-size\">Jeg h\u00e6lder til helhedsorienteret fysioterapi, hvor der er en ligelig inddragelse af krop, sj\u00e6l og \u00e5nd i et terapeutisk forl\u00f8b. Hvad spiller egentlig ind f\u00f8r, under og efter, n\u00e5r mennesker f\u00e5r en skade eller l\u00f8ber ind i en overbelastningstilstand? Hvordan ser mennesket sig selv i den livs\u00e6ndrende situation?<\/p>\n\n\n\n<p class=\"has-small-font-size\">Kroppens funktionsevne skal afd\u00e6kkes og afhj\u00e6lpes, men det m\u00e5 ske i forhold til menneskets ressourcer og delagtighed. Hvilke oplysninger kan en besv\u00e6ret krop ellers give os?<\/p>\n\n\n\n<p class=\"has-small-font-size\">Kropsterapien har traditionelt set st\u00f8rre v\u00e6gt p\u00e5 tidligt erhvervede traumer, f\u00f8lelsers betydning for smerter\/sp\u00e6ndinger og det enkelte menneskes energi-regulering. Kroppen er den fysiske scene for menneskets livsf\u00f8relse. I kropsterapien bruges manuelle greb og h\u00e5ndteringer p\u00e5 relevante omr\u00e5der af kroppen, for at hj\u00e6lpe til en kontakt og forl\u00f8sning og regulering af energi og sp\u00e6ndinger.<\/p>\n\n\n\n<p class=\"has-small-font-size\">Jeg bruger \u00f8vrig manuel behandling og massage for at skabe frie veje for den kropslige energi og skabe et vindue mod friere bev\u00e6gelse. Hos mig st\u00e5r briksbehandlinger dog ikke alene, men fungerer i sammenh\u00e6ng med bev\u00e6gelse og kropslig bevidstg\u00f8relse.<\/p>\n\n\n\n<figure class=\"wp-block-image size-large\"><img loading=\"lazy\" decoding=\"async\" width=\"1024\" height=\"576\" src=\"https:\/\/dennisnaesby.dk\/wp-content\/uploads\/2024\/12\/IMG_20220606_134838965-1024x576.jpg\" alt=\"\" class=\"wp-image-269\" srcset=\"https:\/\/dennisnaesby.dk\/wp-content\/uploads\/2024\/12\/IMG_20220606_134838965-1024x576.jpg 1024w, https:\/\/dennisnaesby.dk\/wp-content\/uploads\/2024\/12\/IMG_20220606_134838965-300x169.jpg 300w, https:\/\/dennisnaesby.dk\/wp-content\/uploads\/2024\/12\/IMG_20220606_134838965-768x432.jpg 768w, https:\/\/dennisnaesby.dk\/wp-content\/uploads\/2024\/12\/IMG_20220606_134838965-1536x864.jpg 1536w, https:\/\/dennisnaesby.dk\/wp-content\/uploads\/2024\/12\/IMG_20220606_134838965-2048x1152.jpg 2048w\" sizes=\"auto, (max-width: 1024px) 100vw, 1024px\" \/><\/figure>\n","protected":false},"excerpt":{"rendered":"<p>Helhedsorienteret fysioterapi og kropsterapi Jeg kan benytte mig af b\u00e5de fysioterapeutiske og kropsterapeutiske principper og redskaber i vores f\u00e6lles rum, i fald vi finder det rigtigt at inddrage. Sprogligt betyder fysioterapi og kropsterapi jo egentlig det samme. Men der har udviklet sig klare forskelle i tilgangen til kroppen og mennesket, de to retninger imellem. Det [&hellip;]<\/p>\n","protected":false},"author":1,"featured_media":0,"parent":0,"menu_order":0,"comment_status":"closed","ping_status":"closed","template":"","meta":{"footnotes":""},"class_list":["post-261","page","type-page","status-publish","hentry"],"_links":{"self":[{"href":"https:\/\/dennisnaesby.dk\/index.php?rest_route=\/wp\/v2\/pages\/261","targetHints":{"allow":["GET"]}}],"collection":[{"href":"https:\/\/dennisnaesby.dk\/index.php?rest_route=\/wp\/v2\/pages"}],"about":[{"href":"https:\/\/dennisnaesby.dk\/index.php?rest_route=\/wp\/v2\/types\/page"}],"author":[{"embeddable":true,"href":"https:\/\/dennisnaesby.dk\/index.php?rest_route=\/wp\/v2\/users\/1"}],"replies":[{"embeddable":true,"href":"https:\/\/dennisnaesby.dk\/index.php?rest_route=%2Fwp%2Fv2%2Fcomments&post=261"}],"version-history":[{"count":3,"href":"https:\/\/dennisnaesby.dk\/index.php?rest_route=\/wp\/v2\/pages\/261\/revisions"}],"predecessor-version":[{"id":270,"href":"https:\/\/dennisnaesby.dk\/index.php?rest_route=\/wp\/v2\/pages\/261\/revisions\/270"}],"wp:attachment":[{"href":"https:\/\/dennisnaesby.dk\/index.php?rest_route=%2Fwp%2Fv2%2Fmedia&parent=261"}],"curies":[{"name":"wp","href":"https:\/\/api.w.org\/{rel}","templated":true}]}}