{"id":285,"date":"2024-12-11T17:07:34","date_gmt":"2024-12-11T17:07:34","guid":{"rendered":"https:\/\/dennisnaesby.dk\/?page_id=285"},"modified":"2024-12-11T17:11:52","modified_gmt":"2024-12-11T17:11:52","slug":"naturen-som-rum","status":"publish","type":"page","link":"https:\/\/dennisnaesby.dk\/?page_id=285","title":{"rendered":"Naturen som rum"},"content":{"rendered":"\n<p class=\"has-accent-4-color has-text-color has-link-color has-x-large-font-size wp-elements-847480864131e3111987b54d77e343ea\">Naturen som terapeutisk rum<\/p>\n\n\n\n<figure class=\"wp-block-image size-large\"><img loading=\"lazy\" decoding=\"async\" width=\"1024\" height=\"577\" src=\"https:\/\/dennisnaesby.dk\/wp-content\/uploads\/2024\/12\/DSC05392-2_edited-4-edited-1024x577.jpg\" alt=\"\" class=\"wp-image-211\" srcset=\"https:\/\/dennisnaesby.dk\/wp-content\/uploads\/2024\/12\/DSC05392-2_edited-4-edited-1024x577.jpg 1024w, https:\/\/dennisnaesby.dk\/wp-content\/uploads\/2024\/12\/DSC05392-2_edited-4-edited-300x169.jpg 300w, https:\/\/dennisnaesby.dk\/wp-content\/uploads\/2024\/12\/DSC05392-2_edited-4-edited-768x432.jpg 768w, https:\/\/dennisnaesby.dk\/wp-content\/uploads\/2024\/12\/DSC05392-2_edited-4-edited.jpg 1165w\" sizes=\"auto, (max-width: 1024px) 100vw, 1024px\" \/><\/figure>\n\n\n\n<p class=\"has-small-font-size\">I naturen f\u00e5r du kontakt til dit livsgrundlag og det, der er st\u00f8rre end dig.<br>Naturen kan hj\u00e6lpe til at sk\u00e6rpe din opm\u00e6rksomhed og din kontakt indadtil, hvilket er grundl\u00e6ggende, hvis du vil \u00e6ndre noget u\u00f8nsket ved dig selv og erstatte det med noget gavnligt.<\/p>\n\n\n\n<p class=\"has-small-font-size\">Naturen er der bare &#8211; med de forhold, der nu er. Din krop er natur og vil automatisk s\u00f8ge i samklang med den omgivende natur. Derfor vil et \u00f8nske, om at blive autentisk overfor dig selv, blive hjulpet kraftigt p\u00e5 vej.<\/p>\n\n\n\n<p class=\"has-small-font-size\">Det er ikke kun sk\u00f8nt, afslappende og forl\u00f8sende at v\u00e6re i naturen. Naturen er fyldt med metaforer, der kan hj\u00e6lpe dig ud fra dit st\u00e5sted og med dine n\u00e6ste skridt.<\/p>\n\n\n\n<p class=\"has-small-font-size\">\u200bDer er stadig stigende evidens for, at naturen g\u00f8r s\u00e5 meget godt for os, kropsligt som mentalt.<\/p>\n\n\n\n<p class=\"has-small-font-size\">Jeg bruger naturen terapeutisk b\u00e5de til mig selv og sammen med klienter.<\/p>\n\n\n\n<figure class=\"wp-block-image size-large\"><img loading=\"lazy\" decoding=\"async\" width=\"1024\" height=\"768\" src=\"https:\/\/dennisnaesby.dk\/wp-content\/uploads\/2024\/12\/IMG_20240722_164400-1024x768.jpg\" alt=\"\" class=\"wp-image-290\" srcset=\"https:\/\/dennisnaesby.dk\/wp-content\/uploads\/2024\/12\/IMG_20240722_164400-1024x768.jpg 1024w, https:\/\/dennisnaesby.dk\/wp-content\/uploads\/2024\/12\/IMG_20240722_164400-300x225.jpg 300w, https:\/\/dennisnaesby.dk\/wp-content\/uploads\/2024\/12\/IMG_20240722_164400-768x576.jpg 768w, https:\/\/dennisnaesby.dk\/wp-content\/uploads\/2024\/12\/IMG_20240722_164400-1536x1152.jpg 1536w, https:\/\/dennisnaesby.dk\/wp-content\/uploads\/2024\/12\/IMG_20240722_164400.jpg 1920w\" sizes=\"auto, (max-width: 1024px) 100vw, 1024px\" \/><\/figure>\n","protected":false},"excerpt":{"rendered":"<p>Naturen som terapeutisk rum I naturen f\u00e5r du kontakt til dit livsgrundlag og det, der er st\u00f8rre end dig.Naturen kan hj\u00e6lpe til at sk\u00e6rpe din opm\u00e6rksomhed og din kontakt indadtil, hvilket er grundl\u00e6ggende, hvis du vil \u00e6ndre noget u\u00f8nsket ved dig selv og erstatte det med noget gavnligt. Naturen er der bare &#8211; med de [&hellip;]<\/p>\n","protected":false},"author":1,"featured_media":0,"parent":0,"menu_order":0,"comment_status":"closed","ping_status":"closed","template":"","meta":{"footnotes":""},"class_list":["post-285","page","type-page","status-publish","hentry"],"_links":{"self":[{"href":"https:\/\/dennisnaesby.dk\/index.php?rest_route=\/wp\/v2\/pages\/285","targetHints":{"allow":["GET"]}}],"collection":[{"href":"https:\/\/dennisnaesby.dk\/index.php?rest_route=\/wp\/v2\/pages"}],"about":[{"href":"https:\/\/dennisnaesby.dk\/index.php?rest_route=\/wp\/v2\/types\/page"}],"author":[{"embeddable":true,"href":"https:\/\/dennisnaesby.dk\/index.php?rest_route=\/wp\/v2\/users\/1"}],"replies":[{"embeddable":true,"href":"https:\/\/dennisnaesby.dk\/index.php?rest_route=%2Fwp%2Fv2%2Fcomments&post=285"}],"version-history":[{"count":2,"href":"https:\/\/dennisnaesby.dk\/index.php?rest_route=\/wp\/v2\/pages\/285\/revisions"}],"predecessor-version":[{"id":291,"href":"https:\/\/dennisnaesby.dk\/index.php?rest_route=\/wp\/v2\/pages\/285\/revisions\/291"}],"wp:attachment":[{"href":"https:\/\/dennisnaesby.dk\/index.php?rest_route=%2Fwp%2Fv2%2Fmedia&parent=285"}],"curies":[{"name":"wp","href":"https:\/\/api.w.org\/{rel}","templated":true}]}}