{"id":76,"date":"2024-04-02T10:23:25","date_gmt":"2024-04-02T10:23:25","guid":{"rendered":"https:\/\/dennisnaesby.dk\/?page_id=76"},"modified":"2024-04-02T10:23:25","modified_gmt":"2024-04-02T10:23:25","slug":"bevidst-bevaeget","status":"publish","type":"page","link":"https:\/\/dennisnaesby.dk\/?page_id=76","title":{"rendered":"Bevidst Bev\u00e6get"},"content":{"rendered":"\n<p class=\"has-text-align-center has-accent-4-color has-text-color has-link-color has-x-large-font-size wp-elements-10ea756a68687041f5d19bf4055a6872\">Bevidst Bev\u00e6get<\/p>\n\n\n\n<figure class=\"wp-block-image size-large is-style-rounded is-style-rounded--1\"><img loading=\"lazy\" decoding=\"async\" width=\"868\" height=\"1024\" src=\"https:\/\/dennisnaesby.dk\/wp-content\/uploads\/2024\/04\/IMG_20220215_165155143-cut-868x1024.jpg\" alt=\"\" class=\"wp-image-79\" srcset=\"https:\/\/dennisnaesby.dk\/wp-content\/uploads\/2024\/04\/IMG_20220215_165155143-cut-868x1024.jpg 868w, https:\/\/dennisnaesby.dk\/wp-content\/uploads\/2024\/04\/IMG_20220215_165155143-cut-254x300.jpg 254w, https:\/\/dennisnaesby.dk\/wp-content\/uploads\/2024\/04\/IMG_20220215_165155143-cut-768x906.jpg 768w, https:\/\/dennisnaesby.dk\/wp-content\/uploads\/2024\/04\/IMG_20220215_165155143-cut-1302x1536.jpg 1302w, https:\/\/dennisnaesby.dk\/wp-content\/uploads\/2024\/04\/IMG_20220215_165155143-cut-1736x2048.jpg 1736w\" sizes=\"auto, (max-width: 868px) 100vw, 868px\" \/><\/figure>\n\n\n\n<div class=\"wp-block-group has-accent-4-background-color has-background has-global-padding is-layout-constrained wp-block-group-is-layout-constrained\">\n<p class=\"has-small-font-size\"><em>&#8220;Bogen \u201cBevidst bev\u00e6get\u201d giver l\u00e6seren en tydelig fornemmelse af sammenh\u00e6ngen mellem det kropslige og det mentale formidlet via teori og forfatterens personlige erfaringer. Alt sammen krydret med flotte fotos og fine digte, der fastholder l\u00e6seren, giver plads til refleksion og tid til en dyb ind\u00e5nding.&nbsp;<\/em><\/p>\n\n\n\n<p class=\"has-small-font-size\"><em>God l\u00e6selyst.&#8221;<\/em><\/p>\n\n\n\n<p class=\"has-small-font-size\">Susanne Mathiasen, Ribe.<\/p>\n<\/div>\n\n\n\n<p class=\"has-small-font-size\">S\u00e5 blev min bog f\u00e6rdig og er udgivet p\u00e5 forlaget Trykv\u00e6rket.<\/p>\n\n\n\n<p class=\"has-small-font-size\">Digte og essays, faglige og erfaringsbaserede skriv og egne billeder endte med blive samlet i bogform.<\/p>\n\n\n\n<p class=\"has-small-font-size\">Resultatet er en inspirationsbog, der henvender sig til l\u00e6gfolk og delvis fagfolk.<\/p>\n\n\n\n<p class=\"has-small-font-size\">Det er dels beskrivelser af en menneskelig proces &#8211; hovedsageligt min egen, men ogs\u00e5 andres. En proces der begynder med&nbsp; afh\u00e6ngighed og medafh\u00e6ngighed og med kropslige sp\u00e6ndinger og besv\u00e6r. Den bev\u00e6ger sig mod mere autenticitet, ro og frihed. Dette ved at jeg bliver bedre til at lytte mit indre og f\u00e5 udtrykt og bev\u00e6get det, der er i hjertet og i mavefornemmelsen.<\/p>\n\n\n\n<p class=\"has-small-font-size\">Dels er det ogs\u00e5 et fors\u00f8g p\u00e5 at sammenholde vestlige kulturelle tendenser med vores indre liv, vaner og fremtoning.<\/p>\n\n\n\n<p class=\"has-small-font-size\">Det er muligt at arbejde bevidst med vores krop og dens signaler og bev\u00e6gelser. Vi kan derigennem gradvist frig\u00f8re os fra eller se anderledes p\u00e5 opv\u00e6kstbetingede og kulturelle p\u00e5virkninger, der m\u00e5tte udfordre os mentalt, kropsligt og f\u00f8lelsesm\u00e6ssigt.<\/p>\n\n\n\n<p class=\"has-small-font-size\">Resultatet kan blive st\u00f8rre begejstring for livet, en friere krop, en st\u00f8rre selvbevidsthed og fornemmelse af helhed.<\/p>\n\n\n\n<p class=\"has-small-font-size\">Bogen er p\u00e5 260 sider og koster 249 kr.<\/p>\n\n\n\n<p class=\"has-small-font-size\">Du kan erhverve dig den ved at skrive til mig p\u00e5 sms til 22131163.<\/p>\n\n\n\n<p><strong>\u00d8vrige tilbagemeldinger:<\/strong><\/p>\n\n\n\n<div class=\"wp-block-group has-accent-4-background-color has-background has-global-padding is-layout-constrained wp-block-group-is-layout-constrained\">\n<p class=\"has-small-font-size\"><em>&#8220;K\u00e6re Dennis<\/em><\/p>\n\n\n\n<p class=\"has-small-font-size\"><em>Tak for bogen du har skrevet om bev\u00e6gelse i livet p\u00e5 mange planer.<\/em><\/p>\n\n\n\n<p class=\"has-small-font-size\"><em>Du har v\u00e6ret i stand til at forenkle teorier s\u00e5 de er bleven spiselige og lette at ford\u00f8je. Det er en bog som t\u00e5ler at blive l\u00e6st mange gange eller brugt som opslagsbog eller guide i hverdagen, n\u00e5r behovet melder sig.<\/em><\/p>\n\n\n\n<p class=\"has-small-font-size\"><em>Bogen er let l\u00e6st, bl.a. i kraft af de meget korte afsnit som teksterne er opdelt i, kombineret med et sprog som er st\u00f8vsuget for store m\u00e6ngder af fagord.<\/em><\/p>\n\n\n\n<p class=\"has-small-font-size\"><em>Du har form\u00e5et at bruge egne erfaringer til at underbygge din oplevelse og virkning af de teorier, som du pr\u00e6senterer &#8211; uden at det er blevet dig og dit liv, som har taget fokus. Budskabet &#8211; om den bevidste bev\u00e6gelse i livet &#8211; er klar gennem hele bogen.<\/em><\/p>\n\n\n\n<p class=\"has-small-font-size\"><em>Desuden har du prydet teorierne og erfaringerne med selvskrevne, farverige digte, som beskriver livet set i lyset af bev\u00e6gelse. <\/em><\/p>\n\n\n\n<p class=\"has-small-font-size\"><em>Ja , &#8211; og du har selvf\u00f8lgelig ogs\u00e5 leget fotograf og skabt farverige billeder fra naturens univers, som underbygger sk\u00f8nheden i bogen og dens budskab.&#8221;<\/em><\/p>\n\n\n\n<p class=\"has-small-font-size\"><em>K\u00e6rlig hilsen<\/em><\/p>\n\n\n\n<p class=\"has-small-font-size\">Ritta Kloppenborg, Harreby, R\u00f8dding.<\/p>\n<\/div>\n\n\n\n<p><strong>Anmeldelse fra tidsskriftet &#8220;Nyt Aspekt&#8221;:<\/strong><\/p>\n\n\n\n<figure class=\"wp-block-image size-large\"><img loading=\"lazy\" decoding=\"async\" width=\"1024\" height=\"550\" src=\"https:\/\/dennisnaesby.dk\/wp-content\/uploads\/2024\/04\/Anmeldelse-Nyt-Aspekt-1024x550.jpg\" alt=\"\" class=\"wp-image-83\" srcset=\"https:\/\/dennisnaesby.dk\/wp-content\/uploads\/2024\/04\/Anmeldelse-Nyt-Aspekt-1024x550.jpg 1024w, https:\/\/dennisnaesby.dk\/wp-content\/uploads\/2024\/04\/Anmeldelse-Nyt-Aspekt-300x161.jpg 300w, https:\/\/dennisnaesby.dk\/wp-content\/uploads\/2024\/04\/Anmeldelse-Nyt-Aspekt-768x412.jpg 768w, https:\/\/dennisnaesby.dk\/wp-content\/uploads\/2024\/04\/Anmeldelse-Nyt-Aspekt-1536x825.jpg 1536w, https:\/\/dennisnaesby.dk\/wp-content\/uploads\/2024\/04\/Anmeldelse-Nyt-Aspekt-2048x1100.jpg 2048w\" sizes=\"auto, (max-width: 1024px) 100vw, 1024px\" \/><\/figure>\n","protected":false},"excerpt":{"rendered":"<p>Bevidst Bev\u00e6get &#8220;Bogen \u201cBevidst bev\u00e6get\u201d giver l\u00e6seren en tydelig fornemmelse af sammenh\u00e6ngen mellem det kropslige og det mentale formidlet via teori og forfatterens personlige erfaringer. Alt sammen krydret med flotte fotos og fine digte, der fastholder l\u00e6seren, giver plads til refleksion og tid til en dyb ind\u00e5nding.&nbsp; God l\u00e6selyst.&#8221; Susanne Mathiasen, Ribe. S\u00e5 blev min [&hellip;]<\/p>\n","protected":false},"author":1,"featured_media":0,"parent":0,"menu_order":0,"comment_status":"closed","ping_status":"closed","template":"","meta":{"footnotes":""},"class_list":["post-76","page","type-page","status-publish","hentry"],"_links":{"self":[{"href":"https:\/\/dennisnaesby.dk\/index.php?rest_route=\/wp\/v2\/pages\/76","targetHints":{"allow":["GET"]}}],"collection":[{"href":"https:\/\/dennisnaesby.dk\/index.php?rest_route=\/wp\/v2\/pages"}],"about":[{"href":"https:\/\/dennisnaesby.dk\/index.php?rest_route=\/wp\/v2\/types\/page"}],"author":[{"embeddable":true,"href":"https:\/\/dennisnaesby.dk\/index.php?rest_route=\/wp\/v2\/users\/1"}],"replies":[{"embeddable":true,"href":"https:\/\/dennisnaesby.dk\/index.php?rest_route=%2Fwp%2Fv2%2Fcomments&post=76"}],"version-history":[{"count":5,"href":"https:\/\/dennisnaesby.dk\/index.php?rest_route=\/wp\/v2\/pages\/76\/revisions"}],"predecessor-version":[{"id":93,"href":"https:\/\/dennisnaesby.dk\/index.php?rest_route=\/wp\/v2\/pages\/76\/revisions\/93"}],"wp:attachment":[{"href":"https:\/\/dennisnaesby.dk\/index.php?rest_route=%2Fwp%2Fv2%2Fmedia&parent=76"}],"curies":[{"name":"wp","href":"https:\/\/api.w.org\/{rel}","templated":true}]}}